{"id":3436,"date":"2022-02-09T07:17:35","date_gmt":"2022-02-09T06:17:35","guid":{"rendered":"https:\/\/www.cloud-value.com\/?page_id=3436"},"modified":"2022-05-16T10:19:05","modified_gmt":"2022-05-16T08:19:05","slug":"juergen-lorenz","status":"publish","type":"page","link":"https:\/\/365-insights.com\/en\/juergen-lorenz\/","title":{"rendered":"J\u00fcrgen Lorenz"},"content":{"rendered":"\t\t<div data-elementor-type=\"wp-page\" data-elementor-id=\"3436\" class=\"elementor elementor-3436\" data-elementor-post-type=\"page\">\n\t\t\t\t\t\t<section class=\"elementor-section elementor-top-section elementor-element elementor-element-10f21f4 elementor-section-full_width elementor-section-stretched elementor-section-height-default elementor-section-height-default\" data-id=\"10f21f4\" data-element_type=\"section\" data-settings=\"{&quot;stretch_section&quot;:&quot;section-stretched&quot;}\">\n\t\t\t\t\t\t<div class=\"elementor-container elementor-column-gap-default\">\n\t\t\t\t\t<div class=\"elementor-column elementor-col-100 elementor-top-column elementor-element elementor-element-d5341ba\" data-id=\"d5341ba\" data-element_type=\"column\" data-settings=\"{&quot;background_background&quot;:&quot;classic&quot;}\">\n\t\t\t<div class=\"elementor-widget-wrap\">\n\t\t\t\t\t\t\t<\/div>\n\t\t<\/div>\n\t\t\t\t\t<\/div>\n\t\t<\/section>\n\t\t\t\t<section class=\"elementor-section elementor-top-section elementor-element elementor-element-8a35c20 elementor-section-boxed elementor-section-height-default elementor-section-height-default\" data-id=\"8a35c20\" data-element_type=\"section\">\n\t\t\t\t\t\t<div class=\"elementor-container elementor-column-gap-default\">\n\t\t\t\t\t<div class=\"elementor-column elementor-col-100 elementor-top-column elementor-element elementor-element-8ed9aaa\" data-id=\"8ed9aaa\" data-element_type=\"column\">\n\t\t\t<div class=\"elementor-widget-wrap elementor-element-populated\">\n\t\t\t\t\t\t<div class=\"elementor-element elementor-element-672b8a7 elementor-widget elementor-widget-spacer\" data-id=\"672b8a7\" data-element_type=\"widget\" data-widget_type=\"spacer.default\">\n\t\t\t\t<div class=\"elementor-widget-container\">\n\t\t\t\t\t\t\t<div class=\"elementor-spacer\">\n\t\t\t<div class=\"elementor-spacer-inner\"><\/div>\n\t\t<\/div>\n\t\t\t\t\t\t<\/div>\n\t\t\t\t<\/div>\n\t\t\t\t\t<\/div>\n\t\t<\/div>\n\t\t\t\t\t<\/div>\n\t\t<\/section>\n\t\t\t\t<section class=\"elementor-section elementor-top-section elementor-element elementor-element-02af5c6 elementor-section-boxed elementor-section-height-default elementor-section-height-default\" data-id=\"02af5c6\" data-element_type=\"section\">\n\t\t\t\t\t\t<div class=\"elementor-container elementor-column-gap-default\">\n\t\t\t\t\t<div class=\"elementor-column elementor-col-50 elementor-top-column elementor-element elementor-element-ae228ce\" data-id=\"ae228ce\" data-element_type=\"column\">\n\t\t\t<div class=\"elementor-widget-wrap elementor-element-populated\">\n\t\t\t\t\t\t<div class=\"elementor-element elementor-element-47f319c elementor-widget elementor-widget-image\" data-id=\"47f319c\" data-element_type=\"widget\" data-widget_type=\"image.default\">\n\t\t\t\t<div class=\"elementor-widget-container\">\n\t\t\t\t\t\t\t\t\t\t\t\t\t\t\t<img fetchpriority=\"high\" decoding=\"async\" width=\"600\" height=\"600\" src=\"https:\/\/365-insights.com\/wp-content\/uploads\/Ju\u0308rgen-Lorenz.jpg\" class=\"attachment-large size-large wp-image-1524\" alt=\"\" srcset=\"https:\/\/365-insights.com\/wp-content\/uploads\/Ju\u0308rgen-Lorenz.jpg 600w, https:\/\/365-insights.com\/wp-content\/uploads\/Ju\u0308rgen-Lorenz-300x300.jpg 300w, https:\/\/365-insights.com\/wp-content\/uploads\/Ju\u0308rgen-Lorenz-150x150.jpg 150w, https:\/\/365-insights.com\/wp-content\/uploads\/Ju\u0308rgen-Lorenz-60x60.jpg 60w\" sizes=\"(max-width: 600px) 100vw, 600px\" \/>\t\t\t\t\t\t\t\t\t\t\t\t\t\t\t<\/div>\n\t\t\t\t<\/div>\n\t\t\t\t<div class=\"elementor-element elementor-element-71056b5 elementor-shape-rounded elementor-grid-0 e-grid-align-center elementor-widget elementor-widget-social-icons\" data-id=\"71056b5\" data-element_type=\"widget\" data-widget_type=\"social-icons.default\">\n\t\t\t\t<div class=\"elementor-widget-container\">\n\t\t\t\t\t\t\t<div class=\"elementor-social-icons-wrapper elementor-grid\" role=\"list\">\n\t\t\t\t\t\t\t<span class=\"elementor-grid-item\" role=\"listitem\">\n\t\t\t\t\t<a class=\"elementor-icon elementor-social-icon elementor-social-icon-linkedin elementor-repeater-item-a15b90d\" href=\"https:\/\/www.linkedin.com\/in\/juergen-lorenz\/\" target=\"_blank\">\n\t\t\t\t\t\t<span class=\"elementor-screen-only\">Linkedin<\/span>\n\t\t\t\t\t\t<i aria-hidden=\"true\" class=\"fab fa-linkedin\"><\/i>\t\t\t\t\t<\/a>\n\t\t\t\t<\/span>\n\t\t\t\t\t\t\t<span class=\"elementor-grid-item\" role=\"listitem\">\n\t\t\t\t\t<a class=\"elementor-icon elementor-social-icon elementor-social-icon-envelope elementor-repeater-item-96bda31\" href=\"mailto:juergen.lorenz@cloud-value.com\" target=\"_blank\">\n\t\t\t\t\t\t<span class=\"elementor-screen-only\">Envelope<\/span>\n\t\t\t\t\t\t<i aria-hidden=\"true\" class=\"far fa-envelope\"><\/i>\t\t\t\t\t<\/a>\n\t\t\t\t<\/span>\n\t\t\t\t\t<\/div>\n\t\t\t\t\t\t<\/div>\n\t\t\t\t<\/div>\n\t\t\t\t\t<\/div>\n\t\t<\/div>\n\t\t\t\t<div class=\"elementor-column elementor-col-50 elementor-top-column elementor-element elementor-element-23edf35\" data-id=\"23edf35\" data-element_type=\"column\">\n\t\t\t<div class=\"elementor-widget-wrap elementor-element-populated\">\n\t\t\t\t\t\t<div class=\"elementor-element elementor-element-97a0a6a elementor-widget elementor-widget-heading\" data-id=\"97a0a6a\" data-element_type=\"widget\" data-widget_type=\"heading.default\">\n\t\t\t\t<div class=\"elementor-widget-container\">\n\t\t\t\t\t<h2 class=\"elementor-heading-title elementor-size-default\">J\u00fcrgen Lorenz<\/h2>\t\t\t\t<\/div>\n\t\t\t\t<\/div>\n\t\t\t\t<div class=\"elementor-element elementor-element-0bb5413 elementor-widget elementor-widget-spacer\" data-id=\"0bb5413\" data-element_type=\"widget\" data-widget_type=\"spacer.default\">\n\t\t\t\t<div class=\"elementor-widget-container\">\n\t\t\t\t\t\t\t<div class=\"elementor-spacer\">\n\t\t\t<div class=\"elementor-spacer-inner\"><\/div>\n\t\t<\/div>\n\t\t\t\t\t\t<\/div>\n\t\t\t\t<\/div>\n\t\t\t\t<div class=\"elementor-element elementor-element-b12aad7 elementor-widget elementor-widget-text-editor\" data-id=\"b12aad7\" data-element_type=\"widget\" data-widget_type=\"text-editor.default\">\n\t\t\t\t<div class=\"elementor-widget-container\">\n\t\t\t\t\t\t\t\t\t<div class=\"\"><span class=\"\" lang=\"EN-US\" style=\"font-size: 10pt;\">J\u00fcrgen Lorenz works as a Strategic Advisor with a focus on finance, human resources and organizational development, corporate strategy and M&amp;A processes for medium-sized companies.\n<\/span><\/div>\n<div class=\"\"><span class=\"\" lang=\"EN-US\" style=\"font-size: 10pt;\">Prior to that, he worked for more than 30 years as an entrepreneur and interim manager in various companies as a board member (CEO \/ CFO) and managing director. During this time he founded several companies, successfully restructured and optimized companies and accompanied some of them until their exit. In addition, he has a teaching assignment as a lecturer at the TH Deggendorf in an MBA course with a focus on corporate management.<\/span><\/div>\t\t\t\t\t\t\t\t<\/div>\n\t\t\t\t<\/div>\n\t\t\t\t<div class=\"elementor-element elementor-element-7ec9b83 elementor-widget elementor-widget-progress\" data-id=\"7ec9b83\" data-element_type=\"widget\" data-widget_type=\"progress.default\">\n\t\t\t\t<div class=\"elementor-widget-container\">\n\t\t\t\t\t\t\t\t<span class=\"elementor-title\" id=\"elementor-progress-bar-7ec9b83\">\n\t\t\t\tMicrosoft Alliance Management\t\t\t<\/span>\n\t\t\n\t\t<div aria-labelledby=\"elementor-progress-bar-7ec9b83\" class=\"elementor-progress-wrapper\" role=\"progressbar\" aria-valuemin=\"0\" aria-valuemax=\"100\" aria-valuenow=\"100\">\n\t\t\t<div class=\"elementor-progress-bar\" data-max=\"100\">\n\t\t\t\t<span class=\"elementor-progress-text\"><\/span>\n\t\t\t\t\t\t\t<\/div>\n\t\t<\/div>\n\t\t\t\t\t\t<\/div>\n\t\t\t\t<\/div>\n\t\t\t\t<div class=\"elementor-element elementor-element-c646ca8 elementor-widget elementor-widget-progress\" data-id=\"c646ca8\" data-element_type=\"widget\" data-widget_type=\"progress.default\">\n\t\t\t\t<div class=\"elementor-widget-container\">\n\t\t\t\t\t\t\t\t<span class=\"elementor-title\" id=\"elementor-progress-bar-c646ca8\">\n\t\t\t\tStrategic Advisory | Organizational Transition\t\t\t<\/span>\n\t\t\n\t\t<div aria-labelledby=\"elementor-progress-bar-c646ca8\" class=\"elementor-progress-wrapper\" role=\"progressbar\" aria-valuemin=\"0\" aria-valuemax=\"100\" aria-valuenow=\"100\">\n\t\t\t<div class=\"elementor-progress-bar\" data-max=\"100\">\n\t\t\t\t<span class=\"elementor-progress-text\"><\/span>\n\t\t\t\t\t\t\t<\/div>\n\t\t<\/div>\n\t\t\t\t\t\t<\/div>\n\t\t\t\t<\/div>\n\t\t\t\t<div class=\"elementor-element elementor-element-02a3e44 elementor-widget elementor-widget-progress\" data-id=\"02a3e44\" data-element_type=\"widget\" data-widget_type=\"progress.default\">\n\t\t\t\t<div class=\"elementor-widget-container\">\n\t\t\t\t\t\t\t\t<span class=\"elementor-title\" id=\"elementor-progress-bar-02a3e44\">\n\t\t\t\tStrategic Advisory | Startups\t\t\t<\/span>\n\t\t\n\t\t<div aria-labelledby=\"elementor-progress-bar-02a3e44\" class=\"elementor-progress-wrapper\" role=\"progressbar\" aria-valuemin=\"0\" aria-valuemax=\"100\" aria-valuenow=\"95\">\n\t\t\t<div class=\"elementor-progress-bar\" data-max=\"95\">\n\t\t\t\t<span class=\"elementor-progress-text\"><\/span>\n\t\t\t\t\t\t\t<\/div>\n\t\t<\/div>\n\t\t\t\t\t\t<\/div>\n\t\t\t\t<\/div>\n\t\t\t\t<div class=\"elementor-element elementor-element-961c560 elementor-widget elementor-widget-progress\" data-id=\"961c560\" data-element_type=\"widget\" data-widget_type=\"progress.default\">\n\t\t\t\t<div class=\"elementor-widget-container\">\n\t\t\t\t\t\t\t\t<span class=\"elementor-title\" id=\"elementor-progress-bar-961c560\">\n\t\t\t\tStrategic Advisory | M&amp;A\t\t\t<\/span>\n\t\t\n\t\t<div aria-labelledby=\"elementor-progress-bar-961c560\" class=\"elementor-progress-wrapper\" role=\"progressbar\" aria-valuemin=\"0\" aria-valuemax=\"100\" aria-valuenow=\"100\">\n\t\t\t<div class=\"elementor-progress-bar\" data-max=\"100\">\n\t\t\t\t<span class=\"elementor-progress-text\"><\/span>\n\t\t\t\t\t\t\t<\/div>\n\t\t<\/div>\n\t\t\t\t\t\t<\/div>\n\t\t\t\t<\/div>\n\t\t\t\t\t<\/div>\n\t\t<\/div>\n\t\t\t\t\t<\/div>\n\t\t<\/section>\n\t\t\t\t<section class=\"elementor-section elementor-top-section elementor-element elementor-element-f19247a elementor-section-boxed elementor-section-height-default elementor-section-height-default\" data-id=\"f19247a\" data-element_type=\"section\">\n\t\t\t\t\t\t<div class=\"elementor-container elementor-column-gap-default\">\n\t\t\t\t\t<div class=\"elementor-column elementor-col-100 elementor-top-column elementor-element elementor-element-08d5f83\" data-id=\"08d5f83\" data-element_type=\"column\">\n\t\t\t<div class=\"elementor-widget-wrap elementor-element-populated\">\n\t\t\t\t\t\t<div class=\"elementor-element elementor-element-720a68e elementor-widget elementor-widget-spacer\" data-id=\"720a68e\" data-element_type=\"widget\" data-widget_type=\"spacer.default\">\n\t\t\t\t<div class=\"elementor-widget-container\">\n\t\t\t\t\t\t\t<div class=\"elementor-spacer\">\n\t\t\t<div class=\"elementor-spacer-inner\"><\/div>\n\t\t<\/div>\n\t\t\t\t\t\t<\/div>\n\t\t\t\t<\/div>\n\t\t\t\t\t<\/div>\n\t\t<\/div>\n\t\t\t\t\t<\/div>\n\t\t<\/section>\n\t\t\t\t<section class=\"elementor-section elementor-top-section elementor-element elementor-element-2308b8ca elementor-section-stretched contact pt-90 pb-90 elementor-section-full_width elementor-section-content-middle elementor-section-height-default elementor-section-height-default\" data-id=\"2308b8ca\" data-element_type=\"section\" data-settings=\"{&quot;stretch_section&quot;:&quot;section-stretched&quot;}\">\n\t\t\t\t\t\t<div class=\"elementor-container elementor-column-gap-no\">\n\t\t\t\t\t<div class=\"elementor-column elementor-col-100 elementor-top-column elementor-element elementor-element-1fba539f\" data-id=\"1fba539f\" data-element_type=\"column\">\n\t\t\t<div class=\"elementor-widget-wrap elementor-element-populated\">\n\t\t\t\t\t\t<div class=\"elementor-element elementor-element-5ab4288d elementor-align-center elementor-widget elementor-widget-button\" data-id=\"5ab4288d\" data-element_type=\"widget\" data-widget_type=\"button.default\">\n\t\t\t\t<div class=\"elementor-widget-container\">\n\t\t\t\t\t\t\t\t\t<div class=\"elementor-button-wrapper\">\n\t\t\t\t\t<a class=\"elementor-button elementor-button-link elementor-size-sm\" href=\"\/en\/services\/\">\n\t\t\t\t\t\t<span class=\"elementor-button-content-wrapper\">\n\t\t\t\t\t\t\t\t\t<span class=\"elementor-button-text\">Get More Insights on Our Services<\/span>\n\t\t\t\t\t<\/span>\n\t\t\t\t\t<\/a>\n\t\t\t\t<\/div>\n\t\t\t\t\t\t\t\t<\/div>\n\t\t\t\t<\/div>\n\t\t\t\t\t<\/div>\n\t\t<\/div>\n\t\t\t\t\t<\/div>\n\t\t<\/section>\n\t\t\t\t<section class=\"elementor-section elementor-top-section elementor-element elementor-element-df809d9 elementor-section-full_width elementor-section-stretched elementor-section-height-default elementor-section-height-default\" data-id=\"df809d9\" data-element_type=\"section\" data-settings=\"{&quot;stretch_section&quot;:&quot;section-stretched&quot;}\">\n\t\t\t\t\t\t<div class=\"elementor-container elementor-column-gap-default\">\n\t\t\t\t\t<div class=\"elementor-column elementor-col-100 elementor-top-column elementor-element elementor-element-516ab8d\" data-id=\"516ab8d\" data-element_type=\"column\">\n\t\t\t<div class=\"elementor-widget-wrap elementor-element-populated\">\n\t\t\t\t\t\t<div class=\"elementor-element elementor-element-448b4a3 elementor-widget elementor-widget-spacer\" data-id=\"448b4a3\" data-element_type=\"widget\" data-widget_type=\"spacer.default\">\n\t\t\t\t<div class=\"elementor-widget-container\">\n\t\t\t\t\t\t\t<div class=\"elementor-spacer\">\n\t\t\t<div class=\"elementor-spacer-inner\"><\/div>\n\t\t<\/div>\n\t\t\t\t\t\t<\/div>\n\t\t\t\t<\/div>\n\t\t\t\t<div class=\"elementor-element elementor-element-0da3379 elementor-align-center elementor-widget elementor-widget-button\" data-id=\"0da3379\" data-element_type=\"widget\" data-widget_type=\"button.default\">\n\t\t\t\t<div class=\"elementor-widget-container\">\n\t\t\t\t\t\t\t\t\t<div class=\"elementor-button-wrapper\">\n\t\t\t\t\t<a class=\"elementor-button elementor-button-link elementor-size-sm\" href=\"\/team-und-partner\/\">\n\t\t\t\t\t\t<span class=\"elementor-button-content-wrapper\">\n\t\t\t\t\t\t\t\t\t<span class=\"elementor-button-text\">Our Strategic Partners, Network and Clients<\/span>\n\t\t\t\t\t<\/span>\n\t\t\t\t\t<\/a>\n\t\t\t\t<\/div>\n\t\t\t\t\t\t\t\t<\/div>\n\t\t\t\t<\/div>\n\t\t\t\t<div class=\"elementor-element elementor-element-5fe4049 elementor-widget elementor-widget-spacer\" data-id=\"5fe4049\" data-element_type=\"widget\" data-widget_type=\"spacer.default\">\n\t\t\t\t<div class=\"elementor-widget-container\">\n\t\t\t\t\t\t\t<div class=\"elementor-spacer\">\n\t\t\t<div class=\"elementor-spacer-inner\"><\/div>\n\t\t<\/div>\n\t\t\t\t\t\t<\/div>\n\t\t\t\t<\/div>\n\t\t\t\t\t<\/div>\n\t\t<\/div>\n\t\t\t\t\t<\/div>\n\t\t<\/section>\n\t\t\t\t<section class=\"elementor-section elementor-top-section elementor-element elementor-element-86e8f4b elementor-section-boxed elementor-section-height-default elementor-section-height-default\" data-id=\"86e8f4b\" data-element_type=\"section\">\n\t\t\t\t\t\t<div class=\"elementor-container elementor-column-gap-default\">\n\t\t\t\t\t<div class=\"elementor-column elementor-col-100 elementor-top-column elementor-element elementor-element-64f9cc8\" data-id=\"64f9cc8\" data-element_type=\"column\">\n\t\t\t<div class=\"elementor-widget-wrap\">\n\t\t\t\t\t\t\t<\/div>\n\t\t<\/div>\n\t\t\t\t\t<\/div>\n\t\t<\/section>\n\t\t\t\t<\/div>\n\t\t","protected":false},"excerpt":{"rendered":"<p>J\u00fcrgen Lorenz Linkedin Envelope J\u00fcrgen Lorenz J\u00fcrgen Lorenz works as a Strategic Advisor with a focus on finance, human resources and organizational development, corporate strategy and M&amp;A processes for medium-sized companies. Prior to that, he worked for more than 30 years as an entrepreneur and interim manager in various companies as a board member (CEO [&hellip;]<\/p>\n","protected":false},"author":6,"featured_media":0,"parent":0,"menu_order":0,"comment_status":"closed","ping_status":"closed","template":"","meta":{"inline_featured_image":false,"footnotes":""},"class_list":["post-3436","page","type-page","status-publish","hentry"],"yoast_head":"<!-- This site is optimized with the Yoast SEO plugin v26.5 - https:\/\/yoast.com\/wordpress\/plugins\/seo\/ -->\n<title>J\u00fcrgen Lorenz - 365 Insights<\/title>\n<meta name=\"robots\" content=\"index, follow, max-snippet:-1, max-image-preview:large, max-video-preview:-1\" \/>\n<link rel=\"canonical\" href=\"https:\/\/365-insights.com\/en\/juergen-lorenz\/\" \/>\n<meta property=\"og:locale\" content=\"en_US\" \/>\n<meta property=\"og:type\" content=\"article\" \/>\n<meta property=\"og:title\" content=\"J\u00fcrgen Lorenz - 365 Insights\" \/>\n<meta property=\"og:description\" content=\"J\u00fcrgen Lorenz Linkedin Envelope J\u00fcrgen Lorenz J\u00fcrgen Lorenz works as a Strategic Advisor with a focus on finance, human resources and organizational development, corporate strategy and M&amp;A processes for medium-sized companies. Prior to that, he worked for more than 30 years as an entrepreneur and interim manager in various companies as a board member (CEO [&hellip;]\" \/>\n<meta property=\"og:url\" content=\"https:\/\/365-insights.com\/en\/juergen-lorenz\/\" \/>\n<meta property=\"og:site_name\" content=\"365 Insights\" \/>\n<meta property=\"article:modified_time\" content=\"2022-05-16T08:19:05+00:00\" \/>\n<meta property=\"og:image\" content=\"https:\/\/www.cloud-value.com\/wp-content\/uploads\/Ju\u0308rgen-Lorenz.jpg\" \/>\n<meta name=\"twitter:card\" content=\"summary_large_image\" \/>\n<meta name=\"twitter:label1\" content=\"Est. reading time\" \/>\n\t<meta name=\"twitter:data1\" content=\"5 minutes\" \/>\n<script type=\"application\/ld+json\" class=\"yoast-schema-graph\">{\"@context\":\"https:\/\/schema.org\",\"@graph\":[{\"@type\":\"WebPage\",\"@id\":\"https:\/\/365-insights.com\/en\/juergen-lorenz\/\",\"url\":\"https:\/\/365-insights.com\/en\/juergen-lorenz\/\",\"name\":\"J\u00fcrgen Lorenz - 365 Insights\",\"isPartOf\":{\"@id\":\"https:\/\/365-insights.com\/#website\"},\"primaryImageOfPage\":{\"@id\":\"https:\/\/365-insights.com\/en\/juergen-lorenz\/#primaryimage\"},\"image\":{\"@id\":\"https:\/\/365-insights.com\/en\/juergen-lorenz\/#primaryimage\"},\"thumbnailUrl\":\"https:\/\/www.cloud-value.com\/wp-content\/uploads\/microsoft-alliance-management-ob.png\",\"datePublished\":\"2022-02-09T06:17:35+00:00\",\"dateModified\":\"2022-05-16T08:19:05+00:00\",\"breadcrumb\":{\"@id\":\"https:\/\/365-insights.com\/en\/juergen-lorenz\/#breadcrumb\"},\"inLanguage\":\"en-US\",\"potentialAction\":[{\"@type\":\"ReadAction\",\"target\":[\"https:\/\/365-insights.com\/en\/juergen-lorenz\/\"]}]},{\"@type\":\"ImageObject\",\"inLanguage\":\"en-US\",\"@id\":\"https:\/\/365-insights.com\/en\/juergen-lorenz\/#primaryimage\",\"url\":\"https:\/\/www.cloud-value.com\/wp-content\/uploads\/microsoft-alliance-management-ob.png\",\"contentUrl\":\"https:\/\/www.cloud-value.com\/wp-content\/uploads\/microsoft-alliance-management-ob.png\"},{\"@type\":\"BreadcrumbList\",\"@id\":\"https:\/\/365-insights.com\/en\/juergen-lorenz\/#breadcrumb\",\"itemListElement\":[{\"@type\":\"ListItem\",\"position\":1,\"name\":\"Startseite\",\"item\":\"https:\/\/365-insights.com\/en\/home-2\/\"},{\"@type\":\"ListItem\",\"position\":2,\"name\":\"J\u00fcrgen Lorenz\"}]},{\"@type\":\"WebSite\",\"@id\":\"https:\/\/365-insights.com\/#website\",\"url\":\"https:\/\/365-insights.com\/\",\"name\":\"365 Insights\",\"description\":\"Rise. Scale. Perform.\",\"publisher\":{\"@id\":\"https:\/\/365-insights.com\/#organization\"},\"potentialAction\":[{\"@type\":\"SearchAction\",\"target\":{\"@type\":\"EntryPoint\",\"urlTemplate\":\"https:\/\/365-insights.com\/?s={search_term_string}\"},\"query-input\":{\"@type\":\"PropertyValueSpecification\",\"valueRequired\":true,\"valueName\":\"search_term_string\"}}],\"inLanguage\":\"en-US\"},{\"@type\":\"Organization\",\"@id\":\"https:\/\/365-insights.com\/#organization\",\"name\":\"365 Insights\",\"url\":\"https:\/\/365-insights.com\/\",\"logo\":{\"@type\":\"ImageObject\",\"inLanguage\":\"en-US\",\"@id\":\"https:\/\/365-insights.com\/#\/schema\/logo\/image\/\",\"url\":\"https:\/\/365-insights.com\/wp-content\/uploads\/2021\/12\/cloudvalue-logo-header-white.png\",\"contentUrl\":\"https:\/\/365-insights.com\/wp-content\/uploads\/2021\/12\/cloudvalue-logo-header-white.png\",\"width\":800,\"height\":171,\"caption\":\"365 Insights\"},\"image\":{\"@id\":\"https:\/\/365-insights.com\/#\/schema\/logo\/image\/\"}}]}<\/script>\n<!-- \/ Yoast SEO plugin. -->","yoast_head_json":{"title":"J\u00fcrgen Lorenz - 365 Insights","robots":{"index":"index","follow":"follow","max-snippet":"max-snippet:-1","max-image-preview":"max-image-preview:large","max-video-preview":"max-video-preview:-1"},"canonical":"https:\/\/365-insights.com\/en\/juergen-lorenz\/","og_locale":"en_US","og_type":"article","og_title":"J\u00fcrgen Lorenz - 365 Insights","og_description":"J\u00fcrgen Lorenz Linkedin Envelope J\u00fcrgen Lorenz J\u00fcrgen Lorenz works as a Strategic Advisor with a focus on finance, human resources and organizational development, corporate strategy and M&amp;A processes for medium-sized companies. Prior to that, he worked for more than 30 years as an entrepreneur and interim manager in various companies as a board member (CEO [&hellip;]","og_url":"https:\/\/365-insights.com\/en\/juergen-lorenz\/","og_site_name":"365 Insights","article_modified_time":"2022-05-16T08:19:05+00:00","og_image":[{"url":"https:\/\/www.cloud-value.com\/wp-content\/uploads\/Ju\u0308rgen-Lorenz.jpg","type":"","width":"","height":""}],"twitter_card":"summary_large_image","twitter_misc":{"Est. reading time":"5 minutes"},"schema":{"@context":"https:\/\/schema.org","@graph":[{"@type":"WebPage","@id":"https:\/\/365-insights.com\/en\/juergen-lorenz\/","url":"https:\/\/365-insights.com\/en\/juergen-lorenz\/","name":"J\u00fcrgen Lorenz - 365 Insights","isPartOf":{"@id":"https:\/\/365-insights.com\/#website"},"primaryImageOfPage":{"@id":"https:\/\/365-insights.com\/en\/juergen-lorenz\/#primaryimage"},"image":{"@id":"https:\/\/365-insights.com\/en\/juergen-lorenz\/#primaryimage"},"thumbnailUrl":"https:\/\/www.cloud-value.com\/wp-content\/uploads\/microsoft-alliance-management-ob.png","datePublished":"2022-02-09T06:17:35+00:00","dateModified":"2022-05-16T08:19:05+00:00","breadcrumb":{"@id":"https:\/\/365-insights.com\/en\/juergen-lorenz\/#breadcrumb"},"inLanguage":"en-US","potentialAction":[{"@type":"ReadAction","target":["https:\/\/365-insights.com\/en\/juergen-lorenz\/"]}]},{"@type":"ImageObject","inLanguage":"en-US","@id":"https:\/\/365-insights.com\/en\/juergen-lorenz\/#primaryimage","url":"https:\/\/www.cloud-value.com\/wp-content\/uploads\/microsoft-alliance-management-ob.png","contentUrl":"https:\/\/www.cloud-value.com\/wp-content\/uploads\/microsoft-alliance-management-ob.png"},{"@type":"BreadcrumbList","@id":"https:\/\/365-insights.com\/en\/juergen-lorenz\/#breadcrumb","itemListElement":[{"@type":"ListItem","position":1,"name":"Startseite","item":"https:\/\/365-insights.com\/en\/home-2\/"},{"@type":"ListItem","position":2,"name":"J\u00fcrgen Lorenz"}]},{"@type":"WebSite","@id":"https:\/\/365-insights.com\/#website","url":"https:\/\/365-insights.com\/","name":"365 Insights","description":"Rise. Scale. Perform.","publisher":{"@id":"https:\/\/365-insights.com\/#organization"},"potentialAction":[{"@type":"SearchAction","target":{"@type":"EntryPoint","urlTemplate":"https:\/\/365-insights.com\/?s={search_term_string}"},"query-input":{"@type":"PropertyValueSpecification","valueRequired":true,"valueName":"search_term_string"}}],"inLanguage":"en-US"},{"@type":"Organization","@id":"https:\/\/365-insights.com\/#organization","name":"365 Insights","url":"https:\/\/365-insights.com\/","logo":{"@type":"ImageObject","inLanguage":"en-US","@id":"https:\/\/365-insights.com\/#\/schema\/logo\/image\/","url":"https:\/\/365-insights.com\/wp-content\/uploads\/2021\/12\/cloudvalue-logo-header-white.png","contentUrl":"https:\/\/365-insights.com\/wp-content\/uploads\/2021\/12\/cloudvalue-logo-header-white.png","width":800,"height":171,"caption":"365 Insights"},"image":{"@id":"https:\/\/365-insights.com\/#\/schema\/logo\/image\/"}}]}},"_links":{"self":[{"href":"https:\/\/365-insights.com\/en\/wp-json\/wp\/v2\/pages\/3436","targetHints":{"allow":["GET"]}}],"collection":[{"href":"https:\/\/365-insights.com\/en\/wp-json\/wp\/v2\/pages"}],"about":[{"href":"https:\/\/365-insights.com\/en\/wp-json\/wp\/v2\/types\/page"}],"author":[{"embeddable":true,"href":"https:\/\/365-insights.com\/en\/wp-json\/wp\/v2\/users\/6"}],"replies":[{"embeddable":true,"href":"https:\/\/365-insights.com\/en\/wp-json\/wp\/v2\/comments?post=3436"}],"version-history":[{"count":25,"href":"https:\/\/365-insights.com\/en\/wp-json\/wp\/v2\/pages\/3436\/revisions"}],"predecessor-version":[{"id":3605,"href":"https:\/\/365-insights.com\/en\/wp-json\/wp\/v2\/pages\/3436\/revisions\/3605"}],"wp:attachment":[{"href":"https:\/\/365-insights.com\/en\/wp-json\/wp\/v2\/media?parent=3436"}],"curies":[{"name":"wp","href":"https:\/\/api.w.org\/{rel}","templated":true}]}}